{"id":53,"date":"2023-01-25T12:32:10","date_gmt":"2023-01-25T11:32:10","guid":{"rendered":"https:\/\/dependable-silver-lobster.178-211-133-68.cpanel.site\/?page_id=2"},"modified":"2026-05-09T00:06:59","modified_gmt":"2026-05-08T22:06:59","slug":"inicio","status":"publish","type":"page","link":"https:\/\/dependable-silver-lobster.178-211-133-68.cpanel.site\/","title":{"rendered":"Inicio"},"content":{"rendered":"<h2 class=\"wp-block-heading\">M\u00e1s All\u00e1 Del Crecimiento<\/h2>\n\n<h2 class=\"wp-block-heading\">Un Foro Social para hacer realidad otros futuros posibles<\/h2>\n\n<p>\t\t\t\t\t<a href=\"https:\/\/dependable-silver-lobster.178-211-133-68.cpanel.site\/foro-social-2026\/\"><br>\n\t\t\t\t\t\t\t\t\t\u00danete al Foro Social<br>\n\t\t\t\t\t<\/a><\/p>\n\n<h2 class=\"wp-block-heading\">Un espacio de deliberaci\u00f3n democr\u00e1tica por un nuevo modelo econ\u00f3mico<\/h2>\n\n<p>El <strong>Foro Social M\u00e1s All\u00e1 del Crecimiento<\/strong> se organiza desde los principios reflejados en la Declaraci\u00f3n de la Confererencia M\u00e1s All\u00e1 del Crecimiento, que sigue abierta a adhesiones colectivas e individuales mediante <a href=\"https:\/\/my.liberaforms.org\/adhesiones-declaracion-conferencia-beyondgrowth\" target=\"_blank\" rel=\"noopener\">este formulario<\/a>.<\/p>\n\n<p>La<strong> Conferencia M\u00e1s All\u00e1 del Crecimiento <\/strong>celebrada en el Congreso de los Diputados ha sido un espacio de deliberaci\u00f3n democr\u00e1tica por un nuevo modelo econ\u00f3mico que tenga como base el cuidado de las personas y el planeta. Un primer paso para un nuevo pacto social que nos ayude a superar la dependencia que tiene nuestra econom\u00eda del crecimiento econ\u00f3mico y de relaciones globales desiguales y as\u00ed atender la crisis ecosocial actual en sus diversas dimensiones para hacer posible una vida digna dentro de los l\u00edmites planetarios.<\/p>\n\n<p>Puedes ver la conferencia \u00edntegra <a href=\"https:\/\/dependable-silver-lobster.178-211-133-68.cpanel.site\/video\/\">aqu\u00ed<\/a>.<\/p>\n\n<figure class=\"wp-block-image size-large\"><img decoding=\"async\" src=\"https:\/\/dependable-silver-lobster.178-211-133-68.cpanel.site\/wp-content\/uploads\/2025\/12\/b986b024f4164584baf9df9208a201b3.jpg\"><\/figure>\n\n<figure class=\"wp-block-image size-large\"><img decoding=\"async\" src=\"https:\/\/dependable-silver-lobster.178-211-133-68.cpanel.site\/wp-content\/uploads\/2025\/10\/exper-1024x664.jpg\"><\/figure>\n\n<p>\t\t\t\t\t\t\t\t\t\t\t\t\t\t\t<br>\n\t\t\t\t\t\t\t\t\t\t\t\t\t\t\t\t\t\t\t\t\t\t\t\t\t\t\t\t\t\t<\/p>\n\n<p>La Conferencia, organizada conjuntamente por las principales organizaciones postcrecentistas y decrecentistas en Espa\u00f1a, es la continuaci\u00f3n a escala estatal de la <a href=\"https:\/\/www.beyond-growth-2023.eu\/\">Conferencia Europea de 2023 Beyond Growth<\/a>, una iniciativa multipartidista de 20 diputados del Parlamento Europeo celebrada en Bruselas, y a la que han seguido iniciativas similares en <a href=\"https:\/\/www.beyondgrowth.at\/\">Austria<\/a>, <a href=\"https:\/\/degrowth.info\/en\/event\/beyond-growth-conference-denmark-2024\">Dinamarca<\/a>, <a href=\"https:\/\/beyondgrowth.it\/\">Italia<\/a> e <a href=\"https:\/\/rethinking-growth.ie\/\">Irlanda<\/a>.<\/p>\n\n<h2 class=\"wp-block-heading\">Entidades organizadoras de la conferencia<\/h2>\n\n<figure class=\"wp-block-image size-large\"><img decoding=\"async\" src=\"https:\/\/dependable-silver-lobster.178-211-133-68.cpanel.site\/wp-content\/uploads\/2025\/09\/alianza.png\"><\/figure>\n\n<figure class=\"wp-block-image size-large\"><img decoding=\"async\" src=\"https:\/\/dependable-silver-lobster.178-211-133-68.cpanel.site\/wp-content\/uploads\/2025\/09\/RC.png\"><\/figure>\n\n<figure class=\"wp-block-image size-large\"><img decoding=\"async\" src=\"https:\/\/dependable-silver-lobster.178-211-133-68.cpanel.site\/wp-content\/uploads\/2025\/09\/greenpeace.png\"><\/figure>\n\n<figure class=\"wp-block-image size-large\"><img decoding=\"async\" src=\"https:\/\/dependable-silver-lobster.178-211-133-68.cpanel.site\/wp-content\/uploads\/2025\/09\/rde.png\"><\/figure>\n\n<figure class=\"wp-block-image size-large\"><img decoding=\"async\" src=\"https:\/\/dependable-silver-lobster.178-211-133-68.cpanel.site\/wp-content\/uploads\/2025\/09\/eea.png\"><\/figure>\n\n<figure class=\"wp-block-image size-large\"><img decoding=\"async\" src=\"https:\/\/dependable-silver-lobster.178-211-133-68.cpanel.site\/wp-content\/uploads\/2025\/09\/weall2.png\"><\/figure>\n\n<figure class=\"wp-block-image size-large\"><img decoding=\"async\" src=\"https:\/\/dependable-silver-lobster.178-211-133-68.cpanel.site\/wp-content\/uploads\/2025\/09\/revo1.png\"><\/figure>\n\n<figure class=\"wp-block-image size-large\"><img decoding=\"async\" src=\"https:\/\/dependable-silver-lobster.178-211-133-68.cpanel.site\/wp-content\/uploads\/2025\/09\/jxc.png\"><\/figure>\n\n<figure class=\"wp-block-image size-large\"><img decoding=\"async\" src=\"https:\/\/dependable-silver-lobster.178-211-133-68.cpanel.site\/wp-content\/uploads\/2025\/09\/seae2.png\"><\/figure>\n\n<figure class=\"wp-block-image size-large\"><img decoding=\"async\" src=\"https:\/\/dependable-silver-lobster.178-211-133-68.cpanel.site\/wp-content\/uploads\/2025\/09\/ires.png\"><\/figure>\n\n<figure class=\"wp-block-image size-large\"><img decoding=\"async\" src=\"https:\/\/dependable-silver-lobster.178-211-133-68.cpanel.site\/wp-content\/uploads\/2025\/09\/attac.png\"><\/figure>\n\n<p>\t\t\t\t\t\t\t\t\t\t\t\t\t\t\t<br>\n\t\t\t\t\t\t\t\t\t\t\t\t\t\t\t<br>\n\t\t\t\t\t\t\t\t\t\t\t\t\t\t\t<br>\n\t\t\t\t\t\t\t\t\t\t\t\t\t\t\t<br>\n\t\t\t\t\t\t\t\t\t\t\t\t\t\t\t<br>\n\t\t\t\t\t\t\t\t\t\t\t\t\t\t\t<br>\n\t\t\t\t\t\t\t\t\t\t\t\t\t\t\t<br>\n\t\t\t\t\t\t\t\t\t\t\t\t\t\t\t<br>\n\t\t\t\t\t\t\t\t\t\t\t\t\t\t\t<br>\n\t\t\t\t\t\t\t\t\t\t\t\t\t\t\t<br>\n\t\t\t\t\t\t\t\t\t\t\t\t\t\t\t\t\t\t\t\t\t\t\t\t\t\t\t\t\t\t<\/p>\n\n<h2 class=\"wp-block-heading\">Entidades de apoyo<\/h2>\n\n<p>\t\t\t\t\t\t\t\t\t\t\t\t\t\t\t<img loading=\"lazy\" decoding=\"async\" width=\"600\" height=\"600\" src=\"https:\/\/dependable-silver-lobster.178-211-133-68.cpanel.site\/wp-content\/uploads\/2025\/09\/IDG.png\" alt=\"\" srcset=\"https:\/\/dependable-silver-lobster.178-211-133-68.cpanel.site\/wp-content\/uploads\/2025\/09\/IDG.png 600w, https:\/\/dependable-silver-lobster.178-211-133-68.cpanel.site\/wp-content\/uploads\/2025\/09\/IDG-300x300.png 300w, https:\/\/dependable-silver-lobster.178-211-133-68.cpanel.site\/wp-content\/uploads\/2025\/09\/IDG-150x150.png 150w\" sizes=\"auto, (max-width: 600px) 100vw, 600px\"><br>\n\t\t\t\t\t\t\t\t\t\t\t\t\t\t\t<img loading=\"lazy\" decoding=\"async\" width=\"600\" height=\"600\" src=\"https:\/\/dependable-silver-lobster.178-211-133-68.cpanel.site\/wp-content\/uploads\/2025\/09\/coordong.png\" alt=\"\" srcset=\"https:\/\/dependable-silver-lobster.178-211-133-68.cpanel.site\/wp-content\/uploads\/2025\/09\/coordong.png 600w, https:\/\/dependable-silver-lobster.178-211-133-68.cpanel.site\/wp-content\/uploads\/2025\/09\/coordong-300x300.png 300w, https:\/\/dependable-silver-lobster.178-211-133-68.cpanel.site\/wp-content\/uploads\/2025\/09\/coordong-150x150.png 150w\" sizes=\"auto, (max-width: 600px) 100vw, 600px\"><br>\n\t\t\t\t\t\t\t\t\t\t\t\t\t\t\t<img loading=\"lazy\" decoding=\"async\" width=\"600\" height=\"600\" src=\"https:\/\/dependable-silver-lobster.178-211-133-68.cpanel.site\/wp-content\/uploads\/2025\/09\/theco.png\" alt=\"\" srcset=\"https:\/\/dependable-silver-lobster.178-211-133-68.cpanel.site\/wp-content\/uploads\/2025\/09\/theco.png 600w, https:\/\/dependable-silver-lobster.178-211-133-68.cpanel.site\/wp-content\/uploads\/2025\/09\/theco-300x300.png 300w, https:\/\/dependable-silver-lobster.178-211-133-68.cpanel.site\/wp-content\/uploads\/2025\/09\/theco-150x150.png 150w\" sizes=\"auto, (max-width: 600px) 100vw, 600px\"><br>\n\t\t\t\t\t\t\t\t\t\t\t\t\t\t\t<img loading=\"lazy\" decoding=\"async\" width=\"600\" height=\"600\" src=\"https:\/\/dependable-silver-lobster.178-211-133-68.cpanel.site\/wp-content\/uploads\/2025\/09\/aliclima.png\" alt=\"\" srcset=\"https:\/\/dependable-silver-lobster.178-211-133-68.cpanel.site\/wp-content\/uploads\/2025\/09\/aliclima.png 600w, https:\/\/dependable-silver-lobster.178-211-133-68.cpanel.site\/wp-content\/uploads\/2025\/09\/aliclima-300x300.png 300w, https:\/\/dependable-silver-lobster.178-211-133-68.cpanel.site\/wp-content\/uploads\/2025\/09\/aliclima-150x150.png 150w\" sizes=\"auto, (max-width: 600px) 100vw, 600px\"><br>\n\t\t\t\t\t\t\t\t\t\t\t\t\t\t\t<img loading=\"lazy\" decoding=\"async\" width=\"600\" height=\"600\" src=\"https:\/\/dependable-silver-lobster.178-211-133-68.cpanel.site\/wp-content\/uploads\/2025\/09\/fec.png\" alt=\"\" srcset=\"https:\/\/dependable-silver-lobster.178-211-133-68.cpanel.site\/wp-content\/uploads\/2025\/09\/fec.png 600w, https:\/\/dependable-silver-lobster.178-211-133-68.cpanel.site\/wp-content\/uploads\/2025\/09\/fec-300x300.png 300w, https:\/\/dependable-silver-lobster.178-211-133-68.cpanel.site\/wp-content\/uploads\/2025\/09\/fec-150x150.png 150w\" sizes=\"auto, (max-width: 600px) 100vw, 600px\"><br>\n\t\t\t\t\t\t\t\t\t\t\t\t\t\t\t<img loading=\"lazy\" decoding=\"async\" width=\"600\" height=\"600\" src=\"https:\/\/dependable-silver-lobster.178-211-133-68.cpanel.site\/wp-content\/uploads\/2025\/09\/garbanc.png\" alt=\"\" srcset=\"https:\/\/dependable-silver-lobster.178-211-133-68.cpanel.site\/wp-content\/uploads\/2025\/09\/garbanc.png 600w, https:\/\/dependable-silver-lobster.178-211-133-68.cpanel.site\/wp-content\/uploads\/2025\/09\/garbanc-300x300.png 300w, https:\/\/dependable-silver-lobster.178-211-133-68.cpanel.site\/wp-content\/uploads\/2025\/09\/garbanc-150x150.png 150w\" sizes=\"auto, (max-width: 600px) 100vw, 600px\"><br>\n\t\t\t\t\t\t\t\t\t\t\t\t\t\t\t<img loading=\"lazy\" decoding=\"async\" width=\"600\" height=\"600\" src=\"https:\/\/dependable-silver-lobster.178-211-133-68.cpanel.site\/wp-content\/uploads\/2025\/09\/ekopol.png\" alt=\"\" srcset=\"https:\/\/dependable-silver-lobster.178-211-133-68.cpanel.site\/wp-content\/uploads\/2025\/09\/ekopol.png 600w, https:\/\/dependable-silver-lobster.178-211-133-68.cpanel.site\/wp-content\/uploads\/2025\/09\/ekopol-300x300.png 300w, https:\/\/dependable-silver-lobster.178-211-133-68.cpanel.site\/wp-content\/uploads\/2025\/09\/ekopol-150x150.png 150w\" sizes=\"auto, (max-width: 600px) 100vw, 600px\"><br>\n\t\t\t\t\t\t\t\t\t\t\t\t\t\t\t<img loading=\"lazy\" decoding=\"async\" width=\"600\" height=\"600\" src=\"https:\/\/dependable-silver-lobster.178-211-133-68.cpanel.site\/wp-content\/uploads\/2025\/09\/reas.png\" alt=\"\" srcset=\"https:\/\/dependable-silver-lobster.178-211-133-68.cpanel.site\/wp-content\/uploads\/2025\/09\/reas.png 600w, https:\/\/dependable-silver-lobster.178-211-133-68.cpanel.site\/wp-content\/uploads\/2025\/09\/reas-300x300.png 300w, https:\/\/dependable-silver-lobster.178-211-133-68.cpanel.site\/wp-content\/uploads\/2025\/09\/reas-150x150.png 150w\" sizes=\"auto, (max-width: 600px) 100vw, 600px\"><br>\n\t\t\t\t\t\t\t\t\t\t\t\t\t\t\t<img loading=\"lazy\" decoding=\"async\" width=\"600\" height=\"600\" src=\"https:\/\/dependable-silver-lobster.178-211-133-68.cpanel.site\/wp-content\/uploads\/2025\/09\/geeds.png\" alt=\"\" srcset=\"https:\/\/dependable-silver-lobster.178-211-133-68.cpanel.site\/wp-content\/uploads\/2025\/09\/geeds.png 600w, https:\/\/dependable-silver-lobster.178-211-133-68.cpanel.site\/wp-content\/uploads\/2025\/09\/geeds-300x300.png 300w, https:\/\/dependable-silver-lobster.178-211-133-68.cpanel.site\/wp-content\/uploads\/2025\/09\/geeds-150x150.png 150w\" sizes=\"auto, (max-width: 600px) 100vw, 600px\"><br>\n\t\t\t\t\t\t\t\t\t\t\t\t\t\t\t<img loading=\"lazy\" decoding=\"async\" width=\"600\" height=\"600\" src=\"https:\/\/dependable-silver-lobster.178-211-133-68.cpanel.site\/wp-content\/uploads\/2025\/09\/eureka.png\" alt=\"\" srcset=\"https:\/\/dependable-silver-lobster.178-211-133-68.cpanel.site\/wp-content\/uploads\/2025\/09\/eureka.png 600w, https:\/\/dependable-silver-lobster.178-211-133-68.cpanel.site\/wp-content\/uploads\/2025\/09\/eureka-300x300.png 300w, https:\/\/dependable-silver-lobster.178-211-133-68.cpanel.site\/wp-content\/uploads\/2025\/09\/eureka-150x150.png 150w\" sizes=\"auto, (max-width: 600px) 100vw, 600px\"><br>\n\t\t\t\t\t\t\t\t\t\t\t\t\t\t\t<img loading=\"lazy\" decoding=\"async\" width=\"600\" height=\"600\" src=\"https:\/\/dependable-silver-lobster.178-211-133-68.cpanel.site\/wp-content\/uploads\/2025\/09\/socioeco.png\" alt=\"\" srcset=\"https:\/\/dependable-silver-lobster.178-211-133-68.cpanel.site\/wp-content\/uploads\/2025\/09\/socioeco.png 600w, https:\/\/dependable-silver-lobster.178-211-133-68.cpanel.site\/wp-content\/uploads\/2025\/09\/socioeco-300x300.png 300w, https:\/\/dependable-silver-lobster.178-211-133-68.cpanel.site\/wp-content\/uploads\/2025\/09\/socioeco-150x150.png 150w\" sizes=\"auto, (max-width: 600px) 100vw, 600px\"><br>\n\t\t\t\t\t\t\t\t\t\t\t\t\t\t\t<img loading=\"lazy\" decoding=\"async\" width=\"600\" height=\"600\" src=\"https:\/\/dependable-silver-lobster.178-211-133-68.cpanel.site\/wp-content\/uploads\/2025\/09\/speak.png\" alt=\"\" srcset=\"https:\/\/dependable-silver-lobster.178-211-133-68.cpanel.site\/wp-content\/uploads\/2025\/09\/speak.png 600w, https:\/\/dependable-silver-lobster.178-211-133-68.cpanel.site\/wp-content\/uploads\/2025\/09\/speak-300x300.png 300w, https:\/\/dependable-silver-lobster.178-211-133-68.cpanel.site\/wp-content\/uploads\/2025\/09\/speak-150x150.png 150w\" sizes=\"auto, (max-width: 600px) 100vw, 600px\"><br>\n\t\t\t\t\t\t\t\t\t\t\t\t\t\t\t<img loading=\"lazy\" decoding=\"async\" width=\"600\" height=\"600\" src=\"https:\/\/dependable-silver-lobster.178-211-133-68.cpanel.site\/wp-content\/uploads\/2025\/09\/lanueve.png\" alt=\"\" srcset=\"https:\/\/dependable-silver-lobster.178-211-133-68.cpanel.site\/wp-content\/uploads\/2025\/09\/lanueve.png 600w, https:\/\/dependable-silver-lobster.178-211-133-68.cpanel.site\/wp-content\/uploads\/2025\/09\/lanueve-300x300.png 300w, https:\/\/dependable-silver-lobster.178-211-133-68.cpanel.site\/wp-content\/uploads\/2025\/09\/lanueve-150x150.png 150w\" sizes=\"auto, (max-width: 600px) 100vw, 600px\"><br>\n\t\t\t\t\t\t\t\t\t\t\t\t\t\t\t<img loading=\"lazy\" decoding=\"async\" width=\"600\" height=\"600\" src=\"https:\/\/dependable-silver-lobster.178-211-133-68.cpanel.site\/wp-content\/uploads\/2025\/10\/obser.png\" alt=\"\" srcset=\"https:\/\/dependable-silver-lobster.178-211-133-68.cpanel.site\/wp-content\/uploads\/2025\/10\/obser.png 600w, https:\/\/dependable-silver-lobster.178-211-133-68.cpanel.site\/wp-content\/uploads\/2025\/10\/obser-300x300.png 300w, https:\/\/dependable-silver-lobster.178-211-133-68.cpanel.site\/wp-content\/uploads\/2025\/10\/obser-150x150.png 150w\" sizes=\"auto, (max-width: 600px) 100vw, 600px\"><br>\n\t\t\t\t\t\t\t\t\t\t\t\t\t\t\t<img loading=\"lazy\" decoding=\"async\" width=\"600\" height=\"600\" src=\"https:\/\/dependable-silver-lobster.178-211-133-68.cpanel.site\/wp-content\/uploads\/2025\/10\/amigas.png\" alt=\"\" srcset=\"https:\/\/dependable-silver-lobster.178-211-133-68.cpanel.site\/wp-content\/uploads\/2025\/10\/amigas.png 600w, https:\/\/dependable-silver-lobster.178-211-133-68.cpanel.site\/wp-content\/uploads\/2025\/10\/amigas-300x300.png 300w, https:\/\/dependable-silver-lobster.178-211-133-68.cpanel.site\/wp-content\/uploads\/2025\/10\/amigas-150x150.png 150w\" sizes=\"auto, (max-width: 600px) 100vw, 600px\"><br>\n\t\t\t\t\t\t\t\t\t\t\t\t\t\t\t<img loading=\"lazy\" decoding=\"async\" width=\"600\" height=\"600\" src=\"https:\/\/dependable-silver-lobster.178-211-133-68.cpanel.site\/wp-content\/uploads\/2026\/02\/gheco.jpg\" alt=\"\" srcset=\"https:\/\/dependable-silver-lobster.178-211-133-68.cpanel.site\/wp-content\/uploads\/2026\/02\/gheco.jpg 600w, https:\/\/dependable-silver-lobster.178-211-133-68.cpanel.site\/wp-content\/uploads\/2026\/02\/gheco-300x300.jpg 300w, https:\/\/dependable-silver-lobster.178-211-133-68.cpanel.site\/wp-content\/uploads\/2026\/02\/gheco-150x150.jpg 150w\" sizes=\"auto, (max-width: 600px) 100vw, 600px\"><br>\n\t\t\t\t\t<a href=\"https:\/\/dependable-silver-lobster.178-211-133-68.cpanel.site\/declaracion\/\"><br>\n\t\t\t\t\t\t\t\t\tVer todas las adhesiones<br>\n\t\t\t\t\t<\/a><\/p>\n\n<h2 class=\"wp-block-heading\">Gracias a todas las personas que con vuestro apoyo econ\u00f3mico hab\u00e9is hecho posible la conferencia.<\/h2>\n\n<h4 class=\"wp-block-heading\"><strong>Alan Fortuny<\/strong><\/h4>\n\n<h4 class=\"wp-block-heading\"><strong>Javier Garcia<\/strong><\/h4>\n\n<h4 class=\"wp-block-heading\"><strong>Juan Jos\u00e9<\/strong><\/h4>\n\n<h5 class=\"wp-block-heading\">Analani<\/h5>\n\n<h5 class=\"wp-block-heading\">Jorge Lince<\/h5>\n\n<h5 class=\"wp-block-heading\">Luismi Martin<\/h5>\n\n<h5 class=\"wp-block-heading\">Marian Sim\u00f3n<\/h5>\n\n<p>Aitor Marcos D\u00edaz<br \/>Alex Gaita Ari\u00f1o<br \/>\u00c1lvaro Fierro<br \/>\u00c1lvaro Flores Balado<br \/>Ana Moreno<br \/>Ane Gangoiti Fradua<br \/>\u00c1ngela Otero del Castillo<br \/>Antonio Nevado Arroyo<br \/>Aritz Lertxundi<br \/>Arnau<br \/>Asier Arias Dom\u00ednguez<br \/>Bel\u00e9n Ortega Ortega<br \/>Berta Lago<br \/>Cintia D\u00edaz-Silveira<br \/>Coque Naiz<br \/>Daniel Jos\u00e9 Molina P\u00e9rez<br \/>David<br \/>David Costalago Meruelo<br \/>David Palomera Zaidel<br \/>Elisa D\u00edaz Arg\u00fcelles<br \/>Enrygg<br \/>Ettore Virga<br \/>Eva M. Cardona Pons<br \/>Fernando Or\u00fas<br \/>Francisco Garc\u00eda-Navas Romero<br \/>Gema V\u00e1zquez<br \/>Gonzalo Dur\u00e1n D\u00edaz<br \/>Hans Eickhoff<br \/>Ignacio Casado Casco<br \/>Instituto Resiliencia<br \/>Jon Ander Urresti Ugalde<br \/>Jorge Minghui Zhou<br \/>Jose Gil Cuesta<br \/>Jose Juan Beristain<br \/>La Garbancita Ecol\u00f3gica S. Coop<br \/>Laia P\u00e9rez<br \/>Lionel Torres<br \/>Maider Berriozabalgoitia<br \/>Maite Momp\u00f3<br \/>Manuel Nolla<br \/>Mar\u00eda Esther Sicart Tudela<br \/>Miguel Angel Royo<br \/>Nick Owen<br \/>Nico<br \/>Pang<br \/>Pedro Noblejas L\u00f3pez<br \/>Pepe Rodr\u00edguez Sanchez<br \/>Raul Lozano Otero<br \/>Ra\u00fal Pastor<br \/>Ruy Nu\u00f1ez Pawlowsky<br \/>Sergio Mendez<br \/>Susana Tejada<br \/>Unai Arostegi<br \/>Unai Mugarra Fernandez<br \/>Victor Angel Suarez Alvarez<br \/>Violeta Quesada<br \/>Xabier Batis<\/p>","protected":false},"excerpt":{"rendered":"<p>M\u00e1s All\u00e1 Del Crecimiento Un Foro Social para hacer realidad otros futuros posibles \u00danete al Foro Social Un espacio de deliberaci\u00f3n democr\u00e1tica por un nuevo modelo econ\u00f3mico El Foro Social M\u00e1s All\u00e1 del Crecimiento se organiza desde los principios reflejados en la Declaraci\u00f3n de la Confererencia M\u00e1s All\u00e1 del Crecimiento, que sigue abierta a adhesiones [&hellip;]<\/p>\n","protected":false},"author":1,"featured_media":1655,"parent":0,"menu_order":0,"comment_status":"closed","ping_status":"closed","template":"","meta":{"_acf_changed":false,"footnotes":""},"class_list":["post-53","page","type-page","status-publish","has-post-thumbnail","hentry"],"acf":[],"_links":{"self":[{"href":"https:\/\/dependable-silver-lobster.178-211-133-68.cpanel.site\/index.php\/wp-json\/wp\/v2\/pages\/53","targetHints":{"allow":["GET"]}}],"collection":[{"href":"https:\/\/dependable-silver-lobster.178-211-133-68.cpanel.site\/index.php\/wp-json\/wp\/v2\/pages"}],"about":[{"href":"https:\/\/dependable-silver-lobster.178-211-133-68.cpanel.site\/index.php\/wp-json\/wp\/v2\/types\/page"}],"author":[{"embeddable":true,"href":"https:\/\/dependable-silver-lobster.178-211-133-68.cpanel.site\/index.php\/wp-json\/wp\/v2\/users\/1"}],"replies":[{"embeddable":true,"href":"https:\/\/dependable-silver-lobster.178-211-133-68.cpanel.site\/index.php\/wp-json\/wp\/v2\/comments?post=53"}],"version-history":[{"count":20,"href":"https:\/\/dependable-silver-lobster.178-211-133-68.cpanel.site\/index.php\/wp-json\/wp\/v2\/pages\/53\/revisions"}],"predecessor-version":[{"id":3061,"href":"https:\/\/dependable-silver-lobster.178-211-133-68.cpanel.site\/index.php\/wp-json\/wp\/v2\/pages\/53\/revisions\/3061"}],"wp:featuredmedia":[{"embeddable":true,"href":"https:\/\/dependable-silver-lobster.178-211-133-68.cpanel.site\/index.php\/wp-json\/wp\/v2\/media\/1655"}],"wp:attachment":[{"href":"https:\/\/dependable-silver-lobster.178-211-133-68.cpanel.site\/index.php\/wp-json\/wp\/v2\/media?parent=53"}],"curies":[{"name":"wp","href":"https:\/\/api.w.org\/{rel}","templated":true}]}}