{"id":2,"date":"2023-01-25T12:32:10","date_gmt":"2023-01-25T12:32:10","guid":{"rendered":"https:\/\/dependable-silver-lobster.178-211-133-68.cpanel.site\/?page_id=2"},"modified":"2026-05-09T00:33:00","modified_gmt":"2026-05-08T22:33:00","slug":"sample-page","status":"publish","type":"page","link":"https:\/\/dependable-silver-lobster.178-211-133-68.cpanel.site\/index.php\/sample-page\/","title":{"rendered":"Foro Social"},"content":{"rendered":"\n<p>Un espacio de deliberaci\u00f3n democr\u00e1tica por un nuevo modelo econ\u00f3mico<\/p>\n\n\n\n<p>El <strong>Foro Social M\u00e1s All\u00e1 del Crecimiento<\/strong> se organiza desde los principios reflejados en la Declaraci\u00f3n de la Confererencia M\u00e1s All\u00e1 del Crecimiento, que sigue abierta a adhesiones colectivas e individuales mediante <a href=\"https:\/\/my.liberaforms.org\/adhesiones-declaracion-conferencia-beyondgrowth\" target=\"_blank\" rel=\"noreferrer noopener\">este formulario<\/a>.<\/p>\n\n\n\n<p>La <strong>Conferencia M\u00e1s All\u00e1 del Crecimiento <\/strong>celebrada en el Congreso de los Diputados ha sido un espacio de deliberaci\u00f3n democr\u00e1tica por un nuevo modelo econ\u00f3mico que tenga como base el cuidado de las personas y el planeta. Un primer paso para un nuevo pacto social que nos ayude a superar la dependencia que tiene nuestra econom\u00eda del crecimiento econ\u00f3mico y de relaciones globales desiguales y as\u00ed atender la crisis ecosocial actual en sus diversas dimensiones para hacer posible una vida digna dentro de los l\u00edmites planetarios.<\/p>\n\n\n\n<p>Puedes ver la conferencia \u00edntegra <a href=\"https:\/\/beyondgrowth.es\/video\/\">aqu\u00ed<\/a>.<\/p>\n","protected":false},"excerpt":{"rendered":"<p>Un espacio de deliberaci\u00f3n democr\u00e1tica por un nuevo modelo econ\u00f3mico El Foro Social M\u00e1s All\u00e1 del Crecimiento se organiza desde los principios reflejados en la Declaraci\u00f3n de la Confererencia M\u00e1s All\u00e1 del Crecimiento, que sigue abierta a adhesiones colectivas e individuales mediante este formulario. La Conferencia M\u00e1s All\u00e1 del Crecimiento celebrada en el Congreso de [&hellip;]<\/p>\n","protected":false},"author":1,"featured_media":1655,"parent":0,"menu_order":0,"comment_status":"closed","ping_status":"open","template":"","meta":{"_acf_changed":false,"footnotes":""},"class_list":["post-2","page","type-page","status-publish","has-post-thumbnail","hentry"],"acf":[],"_links":{"self":[{"href":"https:\/\/dependable-silver-lobster.178-211-133-68.cpanel.site\/index.php\/wp-json\/wp\/v2\/pages\/2","targetHints":{"allow":["GET"]}}],"collection":[{"href":"https:\/\/dependable-silver-lobster.178-211-133-68.cpanel.site\/index.php\/wp-json\/wp\/v2\/pages"}],"about":[{"href":"https:\/\/dependable-silver-lobster.178-211-133-68.cpanel.site\/index.php\/wp-json\/wp\/v2\/types\/page"}],"author":[{"embeddable":true,"href":"https:\/\/dependable-silver-lobster.178-211-133-68.cpanel.site\/index.php\/wp-json\/wp\/v2\/users\/1"}],"replies":[{"embeddable":true,"href":"https:\/\/dependable-silver-lobster.178-211-133-68.cpanel.site\/index.php\/wp-json\/wp\/v2\/comments?post=2"}],"version-history":[{"count":20,"href":"https:\/\/dependable-silver-lobster.178-211-133-68.cpanel.site\/index.php\/wp-json\/wp\/v2\/pages\/2\/revisions"}],"predecessor-version":[{"id":3074,"href":"https:\/\/dependable-silver-lobster.178-211-133-68.cpanel.site\/index.php\/wp-json\/wp\/v2\/pages\/2\/revisions\/3074"}],"wp:featuredmedia":[{"embeddable":true,"href":"https:\/\/dependable-silver-lobster.178-211-133-68.cpanel.site\/index.php\/wp-json\/wp\/v2\/media\/1655"}],"wp:attachment":[{"href":"https:\/\/dependable-silver-lobster.178-211-133-68.cpanel.site\/index.php\/wp-json\/wp\/v2\/media?parent=2"}],"curies":[{"name":"wp","href":"https:\/\/api.w.org\/{rel}","templated":true}]}}